{"id":31,"date":"2021-02-11T09:34:42","date_gmt":"2021-02-11T08:34:42","guid":{"rendered":"http:\/\/www.oberpierscheid.de\/?page_id=31"},"modified":"2025-11-17T12:35:02","modified_gmt":"2025-11-17T11:35:02","slug":"kontakt","status":"publish","type":"page","link":"https:\/\/www.oberpierscheid.de\/?page_id=31","title":{"rendered":"Kontakt"},"content":{"rendered":"\n<p>Ortsb\u00fcrgermeister Arno Steins<br>Pr\u00fcmtalstra\u00dfe 15<br>54649 Oberpierscheid<br><br>06554 &#8211; 72 38<br>E-Mail: <a href=\"mailto:info@oberpierscheid.de\">info(at)oberpierscheid.de<\/a><\/p>\n","protected":false},"excerpt":{"rendered":"<p>Ortsb\u00fcrgermeister Arno SteinsPr\u00fcmtalstra\u00dfe 1554649 Oberpierscheid 06554 &#8211; 72 38E-Mail: info(at)oberpierscheid.de<\/p>\n","protected":false},"author":1,"featured_media":0,"parent":0,"menu_order":0,"comment_status":"closed","ping_status":"closed","template":"","meta":{"footnotes":""},"class_list":["post-31","page","type-page","status-publish","hentry"],"_links":{"self":[{"href":"https:\/\/www.oberpierscheid.de\/index.php?rest_route=\/wp\/v2\/pages\/31","targetHints":{"allow":["GET"]}}],"collection":[{"href":"https:\/\/www.oberpierscheid.de\/index.php?rest_route=\/wp\/v2\/pages"}],"about":[{"href":"https:\/\/www.oberpierscheid.de\/index.php?rest_route=\/wp\/v2\/types\/page"}],"author":[{"embeddable":true,"href":"https:\/\/www.oberpierscheid.de\/index.php?rest_route=\/wp\/v2\/users\/1"}],"replies":[{"embeddable":true,"href":"https:\/\/www.oberpierscheid.de\/index.php?rest_route=%2Fwp%2Fv2%2Fcomments&post=31"}],"version-history":[{"count":2,"href":"https:\/\/www.oberpierscheid.de\/index.php?rest_route=\/wp\/v2\/pages\/31\/revisions"}],"predecessor-version":[{"id":89,"href":"https:\/\/www.oberpierscheid.de\/index.php?rest_route=\/wp\/v2\/pages\/31\/revisions\/89"}],"wp:attachment":[{"href":"https:\/\/www.oberpierscheid.de\/index.php?rest_route=%2Fwp%2Fv2%2Fmedia&parent=31"}],"curies":[{"name":"wp","href":"https:\/\/api.w.org\/{rel}","templated":true}]}}