{"id":48,"date":"2021-02-11T09:42:36","date_gmt":"2021-02-11T08:42:36","guid":{"rendered":"http:\/\/www.oberpierscheid.de\/?page_id=48"},"modified":"2021-02-11T09:42:36","modified_gmt":"2021-02-11T08:42:36","slug":"wappen-2","status":"publish","type":"page","link":"http:\/\/www.oberpierscheid.de\/?page_id=48","title":{"rendered":"Wappen"},"content":{"rendered":"\n<p><strong>Wappenbeschreibung:<\/strong><\/p>\n\n\n\n<div class=\"wp-block-image\"><figure class=\"alignright size-large\"><img loading=\"lazy\" decoding=\"async\" width=\"120\" height=\"132\" src=\"http:\/\/www.oberpierscheid.de\/wp-content\/uploads\/2021\/02\/Wappen.gif\" alt=\"Bild: Wappen der Ortsgemeinde Oberpierscheid\" class=\"wp-image-12\"\/><\/figure><\/div>\n\n\n\n<p>\u201eVon Silber \u00fcber Rot schr\u00e4glinks geteilt, vorn ein gr\u00fcner vier-bl\u00e4ttriger Eichenzweig mit vier Eicheln, hinten eine Kapellenwestwerk mit spitzer Turmhaube und zwei schwarzen Fenstern\u201c<\/p>\n\n\n\n<p><strong>Wappenbegr\u00fcndung:<\/strong><\/p>\n\n\n\n<p>Der namensgebende Ort Oberpierscheid wird vor genau 600 Jahren erstmals erw\u00e4hnt. Er liegt im Herrschaftsbereich der Grafen von Vianden bzw. deren Lehensnehmern und Seitenlinien Neuerburg und Hamm. Das Haus Vianden hatte vor und nach dem Wappenwechsel im Jahr 1278 die Wappenfarben Rot und Silber, die auch f\u00fcr dieses Wappen gew\u00e4hlt wurden.<\/p>\n\n\n\n<p>Die Gemeindefl\u00e4che besteht zu \u00fcber 50 % aus Wald. Waldwirtschaft ist noch heute ein wichtiger Wirtschaftsfaktor. Im ausgehenden Mittelalter und in der Neuzeit bis zur Mitte des 20. Jh. waren, au\u00dfer der Holznutzung f\u00fcr Zimmermanns- und Schreinerarbeiten, die Sch\u00e4lung der Eichenrinde (Lohe) f\u00fcr Gerbstoffgewinnung, das Holz als Brennstoff und zur Erzeugung von Holzkohle f\u00fcr die Eisenverh\u00fcttung, \u00fcbliche Verwendungen; Eichen und Buchen lieferten zudem wertvolle Fr\u00fcchte, wie Eicheln und Eckern, die der Schweinemast dienten.<\/p>\n\n\n\n<p>Mit einem gr\u00fcnen Eichenzweig im Wappen soll auf diese historischen Erwerbszweige und Nutzungen hingewiesen werden.<br>Vier Bl\u00e4tter und vier Eicheln sollen zugleich die vier Ortschaften (Oberpierscheid, Philippsweiler, R\u00f6llersdorf und Luppertsseifen) und die vier Weiler\/Geh\u00f6fte (Dehnseifen, Hausmannsdell, Merkeshausen und Trampertsdell) im Wappen vertreten.<\/p>\n\n\n\n<p>Die Kapelle des hl. Simeon gibt es, so ist es urkundlich bezeugt, seit 1408. Auf einer Anh\u00f6he gelegen ist sie weithin mit markanter Silhouette sichtbar. Sie soll als weitere Figur das Gemeindewappen schm\u00fccken.<\/p>\n\n\n\n<p><em>Das Wappen wurde durch Dr. Christian Credner, Lambertsberg, unter Mithilfe von Peter Bormann, Gudrun Fischbach-Meyers, Peter Hansen, Rainer Hauer und Arno Steins aus Oberpierscheid entworfen. Der Ortsgemeinde Oberpierscheid wurde am 7. April 2008 die Genehmigung zur F\u00fchrung eines Gemeindewappens durch die Kommunalaufsicht des Eifelkreises Bitburg-Pr\u00fcm erteilt.<\/em><\/p>\n","protected":false},"excerpt":{"rendered":"<p>Wappenbeschreibung: \u201eVon Silber \u00fcber Rot schr\u00e4glinks geteilt, vorn ein gr\u00fcner vier-bl\u00e4ttriger Eichenzweig mit vier Eicheln, hinten eine Kapellenwestwerk mit spitzer Turmhaube und zwei schwarzen Fenstern\u201c Wappenbegr\u00fcndung: Der namensgebende Ort Oberpierscheid wird vor genau 600 Jahren erstmals erw\u00e4hnt. Er liegt im<\/p>\n","protected":false},"author":1,"featured_media":0,"parent":0,"menu_order":0,"comment_status":"closed","ping_status":"closed","template":"","meta":{"footnotes":""},"class_list":["post-48","page","type-page","status-publish","hentry"],"_links":{"self":[{"href":"http:\/\/www.oberpierscheid.de\/index.php?rest_route=\/wp\/v2\/pages\/48","targetHints":{"allow":["GET"]}}],"collection":[{"href":"http:\/\/www.oberpierscheid.de\/index.php?rest_route=\/wp\/v2\/pages"}],"about":[{"href":"http:\/\/www.oberpierscheid.de\/index.php?rest_route=\/wp\/v2\/types\/page"}],"author":[{"embeddable":true,"href":"http:\/\/www.oberpierscheid.de\/index.php?rest_route=\/wp\/v2\/users\/1"}],"replies":[{"embeddable":true,"href":"http:\/\/www.oberpierscheid.de\/index.php?rest_route=%2Fwp%2Fv2%2Fcomments&post=48"}],"version-history":[{"count":1,"href":"http:\/\/www.oberpierscheid.de\/index.php?rest_route=\/wp\/v2\/pages\/48\/revisions"}],"predecessor-version":[{"id":49,"href":"http:\/\/www.oberpierscheid.de\/index.php?rest_route=\/wp\/v2\/pages\/48\/revisions\/49"}],"wp:attachment":[{"href":"http:\/\/www.oberpierscheid.de\/index.php?rest_route=%2Fwp%2Fv2%2Fmedia&parent=48"}],"curies":[{"name":"wp","href":"https:\/\/api.w.org\/{rel}","templated":true}]}}